{"id":19,"date":"2012-01-13T13:14:50","date_gmt":"2012-01-13T13:14:50","guid":{"rendered":"http:\/\/turismocaravaca.wordpress.com\/?page_id=19"},"modified":"2012-01-13T13:14:50","modified_gmt":"2012-01-13T13:14:50","slug":"monumentos","status":"publish","type":"page","link":"https:\/\/www.turismocaravaca.com\/blog\/monumentos\/","title":{"rendered":"MONUMENTOS"},"content":{"rendered":"<p><strong>BAS\u00cdLICA-SANTUARIO DE LA STMA. Y VERA CRUZ:<\/strong><br \/>\nSe levanta sobre una elevada colina desde la que se domina toda la ciudad. Podemos apreciar dos zonas diferenciadas entre si y que se complementan para configurar el monumento m\u00e1s visitado de toda la ciudad, ya que en \u00e9l se encuentra la Patrona de Caravaca: <strong>la Stma. y Vera Cruz.<\/strong><\/p>\n<p style=\"text-align:center;\"><a href=\"http:\/\/www.flickr.com\/photos\/turismocaravaca\/6730077505\/in\/photostream\" target=\"_blank\"><img loading=\"lazy\" decoding=\"async\" class=\"aligncenter size-medium wp-image-136\" title=\"castillo-santuario\" src=\"http:\/\/localhost:81\/turismo\/blog\/wp-content\/uploads\/2012\/01\/castillo-santuario.jpg?w=300\" alt=\"\" width=\"300\" height=\"110\" srcset=\"https:\/\/www.turismocaravaca.com\/blog\/wp-content\/uploads\/2012\/01\/castillo-santuario.jpg 1790w, https:\/\/www.turismocaravaca.com\/blog\/wp-content\/uploads\/2012\/01\/castillo-santuario-300x110.jpg 300w, https:\/\/www.turismocaravaca.com\/blog\/wp-content\/uploads\/2012\/01\/castillo-santuario-1024x376.jpg 1024w\" sizes=\"(max-width: 300px) 100vw, 300px\" \/><\/a>Por un lado, vemos el <strong>recinto amurallado<\/strong> cuyos or\u00edgenes isl\u00e1micos encierran importantes testimonios de la \u00e9poca medieval caravaque\u00f1a y, en el interior de dicho recinto encontramos la <strong>Bas\u00edlica-Santuario de la Stma. Cruz<\/strong>, obra del siglo XVII, con impresionante portada barroca del XVIII, la cual se encuentra incluida dentro del Barroco Internacional.<\/p>\n<p>La <strong>zona amurallada<\/strong> (siglo XII) ha experimentado numerosas transformaciones a lo largo de los siglos y en la actualidad conserva <strong>14<\/strong> <strong>torreones<\/strong> de distinta forma y tama\u00f1o, siendo la m\u00e1s antigua y de construcci\u00f3n t\u00edpicamente \u00e1rabe la llamada <strong>Torre Chacona<\/strong>, considerada ya en el siglo XV como la torre del homenaje de la fortaleza. El recinto fue el primero de la <strong>orden del Temple<\/strong> y m\u00e1s tarde de la <strong>orden de Santiago<\/strong>, utiliz\u00e1ndose como fortaleza militar en distintos periodos hist\u00f3ricos como en la Guerra de Sucesi\u00f3n y en la de Independencia .<\/p>\n<p style=\"text-align:center;\"><a href=\"http:\/\/www.flickr.com\/photos\/turismocaravaca\/6730077971\/in\/photostream\" target=\"_blank\"><img loading=\"lazy\" decoding=\"async\" class=\"aligncenter size-medium wp-image-137\" title=\"TORRE\" src=\"http:\/\/localhost:81\/turismo\/blog\/wp-content\/uploads\/2012\/01\/img_9586_7_8_tonemapped.jpg?w=300\" alt=\"\" width=\"300\" height=\"199\" srcset=\"https:\/\/www.turismocaravaca.com\/blog\/wp-content\/uploads\/2012\/01\/img_9586_7_8_tonemapped.jpg 3904w, https:\/\/www.turismocaravaca.com\/blog\/wp-content\/uploads\/2012\/01\/img_9586_7_8_tonemapped-300x200.jpg 300w, https:\/\/www.turismocaravaca.com\/blog\/wp-content\/uploads\/2012\/01\/img_9586_7_8_tonemapped-1024x682.jpg 1024w\" sizes=\"(max-width: 300px) 100vw, 300px\" \/><\/a>La tradici\u00f3n isl\u00e1mica, recogida en estas murallas, se funde con la tradici\u00f3n cristiana al construirse en el siglo XVIII en su interior la <strong>Bas\u00edlica-Santuario de<\/strong> <strong>la Stma. y Vera Cruz<\/strong>, siendo ambas tradiciones las que han marcado de forma definitiva la historia de la ciudad.<\/p>\n<p>El templo iniciado en <strong>1617<\/strong> con planos del carmelita Fray Alberto de la Madre de Dios, arquitecto que trabaj\u00f3 al servicio del Duque de Lerma, fue finalizado en <strong>1703<\/strong>, fecha en que se inaugur\u00f3 con el traslado del Sant\u00edsimo; no obstante la obra no se ver\u00e1 concluida en su totalidad hasta bien entrado el siglo XVIII con el acabado de su famosa portada de m\u00e1rmoles rojos y negros de la zona. La iglesia es de <strong>planta de cruz latina<\/strong> con tribuna corrida sobre las <strong>naves laterales<\/strong> y <strong>c\u00fapula en el crucero<\/strong>. Estas naves abocan al centro por <strong>arcos abocinados<\/strong>. Otras dependencias de la Bas\u00edlica-Santuario son la <strong>Capilla de la Cruz<\/strong>, en ella se encuentra la Patrona de la ciudad que puede ser visitada a diario, la Capilla de la Aparici\u00f3n, la de los Conjuros, el Mirador de la Reina, la Torre Chacona y el Aljibe musulm\u00e1n.<\/p>\n<p>El <strong>Museo de la Vera Cruz<\/strong> se encuentra ubicado en estas dependencias (ver MUSEOS).<br \/>\nEl conjunto, que responde a ese estilo impuesto por Juan de Herrera en el monasterio de El\u00a0 Escorial, fue declarado <strong>Monumento Hist\u00f3rico-Art\u00edstico de car\u00e1cter Nacional<\/strong> en 1944.<\/p>\n<p><strong>IGLESIA PARROQUIAL DE EL SALVADOR:<\/strong><\/p>\n<p>El templo fue inaugurado oficialmente en 1571, con la traslaci\u00f3n del Sant\u00edsimo Sacramento desde la Iglesia de La Soledad, parroquia m\u00e1s antigua de Caravaca de la Cruz.<\/p>\n<p style=\"text-align:center;\"><a href=\"http:\/\/www.flickr.com\/photos\/turismocaravaca\/6730084015\/in\/photostream\" target=\"_blank\"><img loading=\"lazy\" decoding=\"async\" class=\"aligncenter  wp-image-190\" title=\"Iglesia El Salvador\" src=\"http:\/\/localhost:81\/turismo\/blog\/wp-content\/uploads\/2012\/01\/iglesia-el-salvador.jpg?w=239\" alt=\"\" width=\"239\" height=\"300\" srcset=\"https:\/\/www.turismocaravaca.com\/blog\/wp-content\/uploads\/2012\/01\/iglesia-el-salvador.jpg 2592w, https:\/\/www.turismocaravaca.com\/blog\/wp-content\/uploads\/2012\/01\/iglesia-el-salvador-239x300.jpg 239w, https:\/\/www.turismocaravaca.com\/blog\/wp-content\/uploads\/2012\/01\/iglesia-el-salvador-817x1024.jpg 817w\" sizes=\"(max-width: 239px) 100vw, 239px\" \/><\/a><\/p>\n<p>Constituye una de las muestras m\u00e1s bellas e interesantes de la <strong>arquitectura renacentista murciana<\/strong>. De <strong>planta sal\u00f3n,<\/strong> y\u00a0 tres naves que descansan sobre anchos muros y sobre cuatro esbeltas <strong>columnas nervadas<\/strong> estilo j\u00f3nico que sostiene las impresionantes <strong>b\u00f3vedas de crucer\u00eda<\/strong>. Con <strong>siete capillas laterales<\/strong> anexas a las naves laterales, tres en la nave de la Ep\u00edstola y cuatro en la del Evangelio, costeadas por varias de las familias nobles de la localidad. En algunas de ellas pueden observarse las magn\u00edficas rejas del artesano Gin\u00e9s Garc\u00eda. Entre los tracistas cabe citar a Jer\u00f3nimo Quijano y a Pedro Monte de\u00a0 Isla; entre los constructores a: Juan Garz\u00f3n, Pedro de Homa y su sobrino Mart\u00edn de Homa, Pedro de Antequera, Pedro y Andr\u00e9s Monte, Dami\u00e1n Pl\u00e1 y Miguel de Madariaga entre otros. El templo est\u00e1 dotado de dos sacrist\u00edas que flanquean la capilla mayor.<\/p>\n<p>En la Capilla Mayor vemos el <strong>retablo barroco de Jos\u00e9 S\u00e1ez<\/strong>, procedente de la desamortizada Iglesia de la Compa\u00f1\u00eda de Jes\u00fas.<\/p>\n<p>Asimismo merecen menci\u00f3n sus ricas muestras de pintura, orfebrer\u00eda e imaginer\u00eda de la escuela de Salzillo. Obras que podemos encontrar en la Iglesia: en escultura \u201cLa Dolorosa\u201d de la escuela de Salzillo; \u201c El Cristo del Prendimiento\u201d y \u201cSan Pascual Bail\u00f3n\u201d de Marcos Laborda, disc\u00edpulo de Salzillo, y \u201cLa Piedad\u201d de Roque L\u00f3pez, junto a las im\u00e1genes napolitanas de \u201cSan Jer\u00f3nimo\u201d y \u201cSanta Isabel\u201d. En orfebrer\u00eda destaca la \u201cCruz Mayor\u201d y la \u201cCustodia del Corpus\u201d.<\/p>\n<p>En su exterior destaca su<strong> portada<\/strong> organizada en dos cuerpos: el inferior a modo de arco de triunfo; en el segundo, una hornacina rematada por front\u00f3n curvo flanqueado por dos escudos (el de la ciudad y el de Santiago). Tambi\u00e9n es digno de menci\u00f3n la famosa <strong>arp\u00eda<\/strong> con cabeza y pecho de mujer y cuerpo y garras de ave que se encuentra en la conocida \u201cesquina de la muerte\u201d, sobre la que se han tejido numerosas leyendas. Pero, sobre todo, destaca en el exterior su impresionante <strong>torre<\/strong>, cuyos cuerpos est\u00e1n hechos de canter\u00eda, rematada en el \u00faltimo por el campanario.<\/p>\n<p>Declarada <strong>Monumento Hist\u00f3rico Art\u00edstico de car\u00e1cter nacional <\/strong>en 1983.<\/p>\n<p><strong>PLAZA DE TOROS:<\/strong><\/p>\n<p>Construida en la segunda mitad del siglo XIX sobre el monasterio franciscano de Santa Mar\u00eda de Gracia, una vez que \u00e9ste fue abandonado tras la desamortizaci\u00f3n de Mendiz\u00e1bal.<\/p>\n<p style=\"text-align:center;\"><a href=\"http:\/\/www.flickr.com\/photos\/turismocaravaca\/6730087203\/in\/photostream\" target=\"_blank\"><img loading=\"lazy\" decoding=\"async\" class=\"aligncenter size-medium wp-image-191\" title=\"plaza toros\" src=\"http:\/\/localhost:81\/turismo\/blog\/wp-content\/uploads\/2012\/01\/plaza-toros.jpg?w=300\" alt=\"\" width=\"300\" height=\"190\" srcset=\"https:\/\/www.turismocaravaca.com\/blog\/wp-content\/uploads\/2012\/01\/plaza-toros.jpg 3500w, https:\/\/www.turismocaravaca.com\/blog\/wp-content\/uploads\/2012\/01\/plaza-toros-300x191.jpg 300w, https:\/\/www.turismocaravaca.com\/blog\/wp-content\/uploads\/2012\/01\/plaza-toros-1024x651.jpg 1024w\" sizes=\"(max-width: 300px) 100vw, 300px\" \/><\/a><\/p>\n<p>Inaugurada el 28 de septiembre de 1880. En la rehabilitaci\u00f3n de 1926 se erige la monumental <strong>fachada neomud\u00e9jar<\/strong> que tanta impresi\u00f3n causa actualmente. Entre 1995 y 1999, el inmueble fue objeto de un proceso de rehabilitaci\u00f3n.<\/p>\n<p><strong>IGLESIA DE LA SOLEDAD<\/strong> (Actual Museo Arqueol\u00f3gico Municipal):<\/p>\n<p>Es una iglesia del <strong>siglo XVI<\/strong>, que posteriormente fue remodelada, d\u00e1ndole el actual aspecto de templo fortificado. Se caracteriza por sus <strong>sobrias l\u00edneas<\/strong> <strong>renacentistas<\/strong>, que, en tiempos, fue la primera parroquia que tuvo la localidad.<\/p>\n<p>El edificio se levanta sobre un muro de mamposter\u00eda que sirve de muro de contenci\u00f3n a la terraza del inmueble. Los contrafuertes cil\u00edndricos y prism\u00e1ticos que rodean la iglesia le confieren un aspecto fortificado que recuerda el sentido medieval del templo como fortaleza, herencia del g\u00f3tico.<\/p>\n<p>Sus muros de mamposter\u00eda tiene dos puertas adinteladas, formando el dintel de la principal una<strong> l\u00e1pida<\/strong> con amplia inscripci\u00f3n romana hallada en el siglo XVI en el complejo arqueol\u00f3gico del Estrecho de La Encarnaci\u00f3n.<\/p>\n<p>Actualmente es la sede del <strong>Museo Arqueol\u00f3gico<\/strong> en donde se exponen restos que van desde el Paleol\u00edtico a la Edad Media.<\/p>\n<p><strong>IGLESIA PARROQUIAL DE N\u00ba S\u00ba DE LA CONCEPCI\u00d3N:<\/strong><\/p>\n<p>Magn\u00edfico ejemplo de <strong>arquitectura religiosa popular<\/strong> del <strong>siglo XVI<\/strong>. Este edificio, iniciado en 1532, se erige sobre una antigua iglesia propiedad de la Cofrad\u00eda hospitalaria de San Juan de Letr\u00e1n.<\/p>\n<p>Destaca en su interior el <strong>artesonado mud\u00e9jar,<\/strong>un impresionante artesonado en madera, dividida en tres tramos con diferente ornamentaci\u00f3n, lo que la hace diferente frente al resto de obras mud\u00e9jares, que apoya su estructura en seis <strong>columnas d\u00f3ricas<\/strong> embutidas en las paredes de la \u00fanica nave del templo sobre la que cruzan los respectivos <strong>arcos de medio punto<\/strong> donde cargan las vigas de madera.<\/p>\n<p>Destaca en la hornacina central del retablo mayor <strong>la Pur\u00edsima Concepci\u00f3n<\/strong>, de Francisco Fern\u00e1ndez Caro, realizada en 1792. Destaca asimismo la llamada <strong>Torre de los<\/strong> <strong>Pastores<\/strong>, torre que tiene cuatro cuerpos: tres de siller\u00eda y el cuarto que remata con ladrillo macizo.<\/p>\n<p>En octubre de 2008 fue reinaugurada tras una importante rehabilitaci\u00f3n general de todo el inmueble.<\/p>\n<p><strong>CONVENTO E IGLESIA DE N\u00ba S\u00ba DEL CARMEN:<\/strong><\/p>\n<p>En la fundaci\u00f3n del convento (1-X-1586) particip\u00f3 personalmente <strong>S. Juan de<\/strong> <strong>la Cruz<\/strong>, llegando a visitar la ciudad hasta en siete ocasiones. La Orden conf\u00eda la creaci\u00f3n de este convento al P. Nicol\u00e1s Doria, el cual, a su vez, delega en el P. Juan de la Cruz, Vicario Provincial de Andaluc\u00eda. En un principio los Carmelitas ponen el Sant\u00edsimo Sacramento \u201cen una casica harto pobre\u201d que alquilaron cerca de la iglesia de Ntra. Sra. de la\u00a0 Concepci\u00f3n. El 1-III-1.587 se traslada el convento a su actual ubicaci\u00f3n. Su realizaci\u00f3n se encarg\u00f3 al arquitecto\u00a0 de la Orden <strong>Fr. Alberto de la Madre de Dios<\/strong> y fue posible gracias a las donaciones de la Orden de Santiago y, sobre todo, a la especial ayuda de Don Rodrigo de Moya y Do\u00f1a Menc\u00eda Monreal Chac\u00f3n. En 1836, con la desamortizaci\u00f3n de Mendiz\u00e1bal, los Carmelitas se vieron obligados a abandonar la ciudad. El 29 de septiembre de 1904 regresaron a Caravaca tras 68 a\u00f1os de obligada ausencia teniendo desde entonces una gran presencia en la vida no s\u00f3lo religiosa sino tambi\u00e9n cultural de la localidad.<\/p>\n<p>Actualmente, el Convento alberga en su interior una<strong> hospeder\u00eda.<\/strong><\/p>\n<p><strong>EL TEMPLETE:<\/strong><\/p>\n<p>Edificio de <strong>estilo barroco<\/strong> y <strong>planta hexagonal,<\/strong> cuyos angulos son columnas de orden d\u00f3rico adosadas a pilastras sobre las que corre en entablamento, inscrita en una circunferencia en el que se distinguen en su construcci\u00f3n cuatro cuerpos: el p\u00f3dium, en el que se apoya el edificio y del que sobresalen los pilares; el cuerpo principal que cierra el espacio y configura el monumento; la c\u00fapula sobre tambor cubierta de teja \u00e1rabe y, por \u00faltimo, la linterna dotada de seis vanos.<\/p>\n<p style=\"text-align:center;\"><a href=\"http:\/\/www.flickr.com\/photos\/turismocaravaca\/6730073579\/in\/photostream\" target=\"_blank\"><img loading=\"lazy\" decoding=\"async\" class=\"aligncenter  wp-image-193\" title=\"Templete\" src=\"http:\/\/localhost:81\/turismo\/blog\/wp-content\/uploads\/2012\/01\/templete.jpg?w=300\" alt=\"\" width=\"300\" height=\"168\" srcset=\"https:\/\/www.turismocaravaca.com\/blog\/wp-content\/uploads\/2012\/01\/templete.jpg 1920w, https:\/\/www.turismocaravaca.com\/blog\/wp-content\/uploads\/2012\/01\/templete-300x169.jpg 300w, https:\/\/www.turismocaravaca.com\/blog\/wp-content\/uploads\/2012\/01\/templete-1024x576.jpg 1024w\" sizes=\"(max-width: 300px) 100vw, 300px\" \/><\/a><\/p>\n<p>La obra es de<strong> Jos\u00e9 L\u00f3pez<\/strong>, su construcci\u00f3n se inici\u00f3 en 1762 y concluy\u00f3 en 1801. Este edificio tambi\u00e9n es conocido como <strong>El Ba\u00f1adero<\/strong>, aludiendo as\u00ed al acto ritual que cada <strong>3 de<\/strong> <strong>mayo<\/strong> se realiza en \u00e9l desde 1384 y que -bien puede decirse- ha sido la <strong>g\u00e9nesis de la fiesta<\/strong>, que en la primera semana del mes de mayo se celebra <strong>en honor a la patrona<\/strong> de la ciudad: <strong>la Stma. y Vera Cruz.<\/strong><\/p>\n<p><strong>AYUNTAMIENTO:<\/strong><\/p>\n<p style=\"text-align:center;\"><a href=\"http:\/\/www.flickr.com\/photos\/turismocaravaca\/6730074455\/in\/photostream\" target=\"_blank\"><img loading=\"lazy\" decoding=\"async\" class=\"aligncenter size-medium wp-image-145\" title=\"Ayuntamiento\" src=\"http:\/\/localhost:81\/turismo\/blog\/wp-content\/uploads\/2012\/01\/ayuntamiento.jpg?w=300\" alt=\"\" width=\"300\" height=\"168\" srcset=\"https:\/\/www.turismocaravaca.com\/blog\/wp-content\/uploads\/2012\/01\/ayuntamiento.jpg 1920w, https:\/\/www.turismocaravaca.com\/blog\/wp-content\/uploads\/2012\/01\/ayuntamiento-300x169.jpg 300w, https:\/\/www.turismocaravaca.com\/blog\/wp-content\/uploads\/2012\/01\/ayuntamiento-1024x576.jpg 1024w\" sizes=\"(max-width: 300px) 100vw, 300px\" \/><\/a>La construcci\u00f3n de este <strong>edificio barroco<\/strong> fue acordada en 1737. Obra de <strong>Jaime Bort<\/strong> en gran parte de su trazado original, sufri\u00f3 modificaciones de fray Juan de Sta. Teresa y de Juan Garc\u00eda\u00a0 Gal\u00e1n, siendo finalmente ejecutado por el maestro de obras caravaque\u00f1o <strong>Antonio del Campo.<\/strong> Las obras principales finalizaron en <strong>1762<\/strong> y la primera sesi\u00f3n se celebr\u00f3 el 3 de enero de 1763. Precisamente en la<strong> Sala de Plenos<\/strong> puede verse un enorme \u00f3leo sobre lienzo, copia de un original de Rosales que actualmente se exhibe en el Museo del Prado; el tema del cuadro es el testamento de la reina Isabel La Cat\u00f3lica. En el tercer piso del inmueble se observa <strong>el escudo de la<\/strong> <strong>ciudad<\/strong>. A la izquierda ten\u00edamos el almud\u00ed o alh\u00f3ndiga (almac\u00e9n de compra-venta de grano) hoy convertido en oficinas municipales. Su construcci\u00f3n finaliz\u00f3 en 1807 como reza la l\u00e1pida que hay bajo la ventana de la tercera planta.<\/p>\n<p>El edificio constitu\u00eda la bienvenida al pueblo de Caravaca, cuyo acceso se realizaba por la calle Puentecilla a la que se acced\u00eda por el antiguo camino de Calasparra, por lo que constitu\u00eda la <strong>puerta principal a la ciudad en el siglo XVIII.<\/strong><\/p>\n<p>La Casa Consistorial\u00a0 experiment\u00f3 en su d\u00eda una profunda rehabilitaci\u00f3n que la ha convertido en un edificio de <strong>interior moderno y funcional.<\/strong><\/p>\n<p><strong>MONASTERIO E IGLESIA DE SANTA CLARA:<\/strong><\/p>\n<p>Da nombre a la calle donde se encuentra situado, una de las de m\u00e1s arraigo e historia de la ciudad.<\/p>\n<p>Fue fundado el 27 de septiembre de <strong>1609.<\/strong> La iglesia se construy\u00f3 sobre el solar de la que fuera ermita de San Bartolom\u00e9 que formaba parte, junto con otras trece, de un V\u00eda Crucis cuyo final estaba en la ermita de la Reja (el conocido Calvario). La iglesia se concluy\u00f3 entre 1715-18. Su <strong>planta<\/strong> es de <strong>cruz latina<\/strong> y sus b\u00f3vedas son va\u00eddas en el crucero y de ca\u00f1\u00f3n en la nave central. La fachada, realizada en piedra, se divide en dos cuerpos: el primero es adintelado y enmarca la puerta de acceso; en el segundo y superior cabe destacar una hornacina rematada con pechinas vac\u00edas.<\/p>\n<p>En al c\u00fapula de la iglesia existe un peque\u00f1o orificio por el que las madres clarisas dejan caer miles de p\u00e9talos de rosa en la ma\u00f1ana del d\u00eda 4 de mayo cuando la Stma. y Vera Cruz visita la iglesia.<\/p>\n<p><strong>IGLESIA DE LA COMPA\u00d1\u00cdA DE JES\u00daS:<\/strong><\/p>\n<p>Esta edificaci\u00f3n se acab\u00f3 hacia 1614 y sigue el modelo de la <strong>arquitectura<\/strong> <strong>jesu\u00edtica<\/strong>, con planta de una sola nave y capillas laterales comunicadas entre s\u00ed. Su c\u00fapula tiene una linterna con abertura de iluminaci\u00f3n y se remata con pechinas en su d\u00eda decoradas. El retablo mayor de esta iglesia, obra de Jos\u00e9 S\u00e1ez, se encuentra actualmente en la capilla mayor de la iglesia de El Salvador.<\/p>\n<p>Este edificio se fund\u00f3 originariamente como Colegio y constaba de iglesia, claustro y numerosas dependencias para educandos y docentes. El edificio perdi\u00f3 su uso original tras la expulsi\u00f3n de los jesuitas en el reinado de Carlos III (1767). Con la desamortizaci\u00f3n de Mendiz\u00e1bal el edificio pas\u00f3 a manos de particulares. Actualmente es un edificio de propiedad municipal que funciona como <strong>Centro Cultural.<\/strong><\/p>\n<p><strong>ERMITA DE SANTA ELENA:<\/strong><\/p>\n<p>Peque\u00f1a iglesia de una sola nave cuya construcci\u00f3n se inicia en el primer cuarto del siglo <strong>XVII.<\/strong> Destaca en ella la imagen de vestir de Nuestro Padre Jes\u00fas Nazareno de gran devoci\u00f3n popular.<\/p>\n<p>Es la \u00fanica ermita caravaque\u00f1a que a\u00fan cumple con el cometido para el que fue edificada, dar servicio religioso. En ella todos los primeros viernes de marzo tiene lugar el solemne besapies ante la imagen de Nuestro Padre Jes\u00fas Nazareno.<\/p>\n<p>Se encuentra junto a la t\u00edpica plaza de los Caballos del Vino (conocida popularmente como Plaza del Hoyo), donde se encuentra el monumento al Caballo del Vino.<\/p>\n<p><strong>ERMITA DE SAN SEBASTI\u00c1N:<\/strong><\/p>\n<p>Popularmente conocida como <strong>Ermita del Santo<\/strong>. Edificada a principio del <strong>siglo<\/strong> <strong>XVI<\/strong>, la tradici\u00f3n oral dice que la ermita era anexa al colegio de la Compa\u00f1\u00eda de Jes\u00fas, y ella ser\u00eda la que se encargar del culto.<\/p>\n<p>Construida con materiales pobres como argamasa de cal y techumbre de madera. De una sola nave, plata rectangular y cubierta de madera a dos aguas que descansa sobre tres arcos diafragma apuntados. Posee presbiterio y coro alto, quedando as\u00ed la iglesia dividida en tres planos. En su interior destacan unas <strong>extraordinarias pinturas murales tardog\u00f3ticas<\/strong> a modo de retablo, formando un conjunto de gran inter\u00e9s por sus dimensiones y por la configuraci\u00f3n que aparece en las mismas, constituyendo un ejemplo \u00fanico y excepcional en la Regi\u00f3n de Murcia.<\/p>\n<p>Actualmente es propiedad del Ayuntamiento y en ella tiene su <strong>sede<\/strong> la <strong>Agrupaci\u00f3n Musical \u201cCaravaca de la Cruz\u201d.<\/strong><\/p>\n<p><strong>ERMITA DE LA REJA:<\/strong><\/p>\n<p>Edificio del <strong>siglo XVII<\/strong>, de\u00a0 <strong>planta cuadrada<\/strong>.\u00a0 Es una de las 14 ermitas que formaban parte del V\u00eda Crucis.<\/p>\n<p>Edificada en siller\u00eda y dispuesta sobre una extensi\u00f3n de terreno considerable, est\u00e1 cubierta por b\u00f3veda hormigonada de cal. Es de planta rectangular y cubierta a cuatro aguas cuyas lomeras descansan sobre una amplia cornisa. La fachada que da nombre al edificio, tiene una gran <strong>reja de hierro forjado<\/strong>, a manera de ventana que es su \u00fanica decoraci\u00f3n.Sobre la reja puede verse una l\u00e1pida que contiene los nombres de quienes la mandaron construir: D. Fco. Mu\u00f1oz de Otalora y D\u00f1a. Catalina L\u00f3pez. En el interior solo se encuentra una s\u00f3lida mesa de altar.<\/p>\n<p>Su ubicaci\u00f3n, sobre el monte conocido como \u00abEl Calvario\u00bb,\u00a0 constituye un punto privilegiado para una visi\u00f3n general de la ciudad. Su vista panor\u00e1mica tanto de la ciudad como de la zona de monta\u00f1a es una de las m\u00e1s atractivas de Caravaca da la cruz.<\/p>\n<p><strong>TORRE\u00d3N DE LOS TEMPLARIOS:<\/strong><\/p>\n<p>Ubicado en el bello paraje de las Fuentes del Marqu\u00e9s es una edificaci\u00f3n del <strong>siglo XVI<\/strong> posiblemente erigida sobre una anterior de origen templario (de ah\u00ed su nombre). Obra de planta rectangular, de generosas dimensiones, sobre cuya puerta se abre un caracter\u00edstico \u00f3culo, Sus muros, levantados con siller\u00eda bien labrada, y sus grandes vanos, denotan el poco o nulo car\u00e1cter b\u00e9lico de la torre.<\/p>\n<p style=\"text-align:center;\"><a href=\"http:\/\/www.flickr.com\/photos\/turismocaravaca\/6730081607\/in\/photostream\" target=\"_blank\"><img loading=\"lazy\" decoding=\"async\" class=\"aligncenter size-medium wp-image-194\" title=\"Torreon de los templarios\" src=\"http:\/\/localhost:81\/turismo\/blog\/wp-content\/uploads\/2012\/01\/torreon-de-los-templarios.jpg?w=200\" alt=\"\" width=\"200\" height=\"300\" srcset=\"https:\/\/www.turismocaravaca.com\/blog\/wp-content\/uploads\/2012\/01\/torreon-de-los-templarios.jpg 1452w, https:\/\/www.turismocaravaca.com\/blog\/wp-content\/uploads\/2012\/01\/torreon-de-los-templarios-200x300.jpg 200w, https:\/\/www.turismocaravaca.com\/blog\/wp-content\/uploads\/2012\/01\/torreon-de-los-templarios-683x1024.jpg 683w\" sizes=\"(max-width: 200px) 100vw, 200px\" \/><\/a><\/p>\n<p>Actualmente alberga el <strong>Centro de Interpretaci\u00f3n de la Naturaleza.<\/strong><\/p>\n<p>Declarada <strong>Bien de Inter\u00e9s Cultural<\/strong> por disposici\u00f3n de la ley del Patrimonio Hist\u00f3rico Espa\u00f1ol.<\/p>\n<p><strong>OTROS LUGARES DE INTERES<\/strong><\/p>\n<p>Adem\u00e1s de estos monumentos el visitante puede conocer la <strong>Plaza del Arco<\/strong>, con el Monumento al Moro y al Cristiano, la <strong>Plaza San Juan de la Cruz<\/strong>, con un Monumento al Santo, y la <strong>Plaza de los Caballos del Vino<\/strong> donde existe un monumento dedicado a este festejo. Asimismo, en la Cuesta del Castillo, podemos contemplar un conjunto escult\u00f3rico dedicado a la Carrera de los Caballos del Vino, obra de Rafael P\u00ed, y frente a la puerta principal de entrada al Castillo podemos ver el monumento al Peregrino en Bicicleta de Antonio Campillo. Tambi\u00e9n puede pasear por cualquier de sus muchas calles repletas por viejas casonas blasonadas.<\/p>\n","protected":false},"excerpt":{"rendered":"<p>BAS\u00cdLICA-SANTUARIO DE LA STMA. Y VERA CRUZ: Se levanta sobre una elevada colina desde la que se domina toda la ciudad. Podemos apreciar dos zonas diferenciadas entre si y que se complementan para configurar el monumento m\u00e1s visitado de toda la ciudad, ya que en \u00e9l se encuentra la Patrona de Caravaca: la Stma. y [&hellip;]<\/p>\n","protected":false},"author":2,"featured_media":0,"parent":0,"menu_order":0,"comment_status":"open","ping_status":"open","template":"","meta":{"footnotes":""},"class_list":["post-19","page","type-page","status-publish","hentry"],"_links":{"self":[{"href":"https:\/\/www.turismocaravaca.com\/blog\/wp-json\/wp\/v2\/pages\/19"}],"collection":[{"href":"https:\/\/www.turismocaravaca.com\/blog\/wp-json\/wp\/v2\/pages"}],"about":[{"href":"https:\/\/www.turismocaravaca.com\/blog\/wp-json\/wp\/v2\/types\/page"}],"author":[{"embeddable":true,"href":"https:\/\/www.turismocaravaca.com\/blog\/wp-json\/wp\/v2\/users\/2"}],"replies":[{"embeddable":true,"href":"https:\/\/www.turismocaravaca.com\/blog\/wp-json\/wp\/v2\/comments?post=19"}],"version-history":[{"count":0,"href":"https:\/\/www.turismocaravaca.com\/blog\/wp-json\/wp\/v2\/pages\/19\/revisions"}],"wp:attachment":[{"href":"https:\/\/www.turismocaravaca.com\/blog\/wp-json\/wp\/v2\/media?parent=19"}],"curies":[{"name":"wp","href":"https:\/\/api.w.org\/{rel}","templated":true}]}}